{"id":16999,"date":"2025-01-09T11:49:14","date_gmt":"2025-01-09T10:49:14","guid":{"rendered":"https:\/\/www.clubdelviatger.cat\/sobre-nosotros\/valores\/"},"modified":"2026-02-13T11:59:33","modified_gmt":"2026-02-13T10:59:33","slug":"valores","status":"publish","type":"page","link":"https:\/\/www.clubdelviatger.cat\/es\/equipo\/valores\/","title":{"rendered":"Valores"},"content":{"rendered":"\t\t<div data-elementor-type=\"wp-page\" data-elementor-id=\"16999\" class=\"elementor elementor-16999 elementor-15784\" data-elementor-post-type=\"page\">\n\t\t\t\t<div class=\"elementor-element elementor-element-34ffc90 e-flex e-con-boxed e-con e-parent\" data-id=\"34ffc90\" data-element_type=\"container\" data-e-type=\"container\" data-settings=\"{&quot;jet_parallax_layout_list&quot;:[]}\">\n\t\t\t\t\t<div class=\"e-con-inner\">\n\t\t\t\t<div class=\"elementor-element elementor-element-16f75f4 elementor-widget elementor-widget-jet-animated-text\" data-id=\"16f75f4\" data-element_type=\"widget\" data-e-type=\"widget\" data-widget_type=\"jet-animated-text.default\">\n\t\t\t\t<div class=\"elementor-widget-container\">\n\t\t\t\t\t<div class=\"elementor-jet-animated-text jet-elements\">\n<h1 class=\"jet-animated-text jet-animated-text--effect-fx1\" data-settings='{&quot;effect&quot;:&quot;fx1&quot;,&quot;delay&quot;:3000}'>\n\t<div class=\"jet-animated-text__before-text\">\n\t<span>Club<\/span>&nbsp;<\/div>\n\t<div class=\"jet-animated-text__animated-text\">\n<div class=\"jet-animated-text__animated-text-item active visible\" dir=\"ltr\">\n\t<span>d<\/span><span>e<\/span><span>l<\/span><span>&nbsp;<\/span><span>V<\/span><span>i<\/span><span>a<\/span><span>t<\/span><span>g<\/span><span>e<\/span><span>r<\/span><\/div>\n<\/div>\t<\/h1><\/div>\t\t\t\t<\/div>\n\t\t\t\t<\/div>\n\t\t\t\t<div class=\"elementor-element elementor-element-005e3c4 elementor-widget elementor-widget-heading\" data-id=\"005e3c4\" data-element_type=\"widget\" data-e-type=\"widget\" data-widget_type=\"heading.default\">\n\t\t\t\t<div class=\"elementor-widget-container\">\n\t\t\t\t\t<h3 class=\"elementor-heading-title elementor-size-default\">Creamos viajes con alma, basados en la confianza, la proximidad y el cuidado en cada detalle.<\/h3>\t\t\t\t<\/div>\n\t\t\t\t<\/div>\n\t\t\t\t<div class=\"elementor-element elementor-element-658b32e elementor-widget elementor-widget-text-editor\" data-id=\"658b32e\" data-element_type=\"widget\" data-e-type=\"widget\" data-widget_type=\"text-editor.default\">\n\t\t\t\t<div class=\"elementor-widget-container\">\n\t\t\t\t\t\t\t\t\t<p>En el <strong>Club del Viatger<\/strong>, cada viaje es una experiencia \u00fanica que cuidamos hasta el m\u00e1s m\u00ednimo detalle. Nos comprometemos a ofrecerte un <strong>servicio exclusivo y cercano<\/strong>, donde no tendr\u00e1s que preocuparte de nada: todos los servicios est\u00e1n incluidos, desde la recogida y el regreso cerca de casa hasta la gesti\u00f3n de cada aspecto del viaje. Nos encanta viajar y compartir esta pasi\u00f3n con vosotros, creando un ambiente acogedor y familiar donde puedas hacer nuevas amistades y disfrutar de momentos especiales.<\/p><p>Nuestra <strong>experiencia de m\u00e1s de 20 a\u00f1os<\/strong> en el sector nos permite dise\u00f1ar viajes memorables con un enfoque personalizado. Siempre contar\u00e1s con un gu\u00eda acompa\u00f1ante de nuestro equipo para asegurar que cada detalle del viaje sea perfecto. Adem\u00e1s, nos gusta sorprenderte, desde encuentros exclusivos antes y despu\u00e9s del viaje hasta detalles \u00fanicos como \u00e1lbumes de fotos, v\u00eddeos conmemorativos o nuestra m\u00e1gica cena de verano en la playa.<\/p><p>En el <strong>Club del Viatger<\/strong> queremos que cada viaje sea mucho m\u00e1s que un destino; es una oportunidad para compartir, descubrir y <strong>vivir experiencias que recordar\u00e1s para siempre<\/strong>.<\/p>\t\t\t\t\t\t\t\t<\/div>\n\t\t\t\t<\/div>\n\t\t\t\t\t<\/div>\n\t\t\t\t<\/div>\n\t\t<div class=\"elementor-element elementor-element-67b9d03 e-grid e-con-boxed e-con e-parent\" data-id=\"67b9d03\" data-element_type=\"container\" data-e-type=\"container\" data-settings=\"{&quot;background_background&quot;:&quot;classic&quot;,&quot;jet_parallax_layout_list&quot;:[]}\">\n\t\t\t\t\t<div class=\"e-con-inner\">\n\t\t\t\t<div class=\"elementor-element elementor-element-ed2b1b9 elementor-position-top elementor-widget elementor-widget-image-box\" data-id=\"ed2b1b9\" data-element_type=\"widget\" data-e-type=\"widget\" data-widget_type=\"image-box.default\">\n\t\t\t\t<div class=\"elementor-widget-container\">\n\t\t\t\t\t<div class=\"elementor-image-box-wrapper\"><figure class=\"elementor-image-box-img\"><img fetchpriority=\"high\" decoding=\"async\" width=\"300\" height=\"300\" src=\"https:\/\/www.clubdelviatger.cat\/wp-content\/uploads\/2024\/10\/handshake.svg\" class=\"attachment-medium size-medium wp-image-12637\" alt=\"\" \/><\/figure><div class=\"elementor-image-box-content\"><h3 class=\"elementor-image-box-title\">Compromiso<\/h3><p class=\"elementor-image-box-description\">Cuidamos cada detalle.<br>Te sorprendemos durante el viaje.<br>Gu\u00eda acompa\u00f1ante del equipo.<\/p><\/div><\/div>\t\t\t\t<\/div>\n\t\t\t\t<\/div>\n\t\t\t\t<div class=\"elementor-element elementor-element-7720fff elementor-position-top elementor-widget elementor-widget-image-box\" data-id=\"7720fff\" data-element_type=\"widget\" data-e-type=\"widget\" data-widget_type=\"image-box.default\">\n\t\t\t\t<div class=\"elementor-widget-container\">\n\t\t\t\t\t<div class=\"elementor-image-box-wrapper\"><figure class=\"elementor-image-box-img\"><img decoding=\"async\" width=\"511\" height=\"511\" src=\"https:\/\/www.clubdelviatger.cat\/wp-content\/uploads\/2024\/10\/hand-heart.svg\" class=\"attachment-full size-full wp-image-12638\" alt=\"\" \/><\/figure><div class=\"elementor-image-box-content\"><h3 class=\"elementor-image-box-title\">Nuestra filosof\u00eda<\/h3><p class=\"elementor-image-box-description\">En el Club del Viatger creemos en viajes cuidados, aut\u00e9nticos y compartidos, pensados para que viajes sin preocupaciones. \nQue te sientas acompa\u00f1ado desde casa y vivas experiencias inolvidables.<\/p><\/div><\/div>\t\t\t\t<\/div>\n\t\t\t\t<\/div>\n\t\t\t\t<div class=\"elementor-element elementor-element-55a3cf9 elementor-position-top elementor-widget elementor-widget-image-box\" data-id=\"55a3cf9\" data-element_type=\"widget\" data-e-type=\"widget\" data-widget_type=\"image-box.default\">\n\t\t\t\t<div class=\"elementor-widget-container\">\n\t\t\t\t\t<div class=\"elementor-image-box-wrapper\"><figure class=\"elementor-image-box-img\"><img decoding=\"async\" width=\"512\" height=\"512\" src=\"https:\/\/www.clubdelviatger.cat\/wp-content\/uploads\/2024\/10\/thinking.svg\" class=\"attachment-full size-full wp-image-12642\" alt=\"\" \/><\/figure><div class=\"elementor-image-box-content\"><h3 class=\"elementor-image-box-title\">No te preocupes de nada<\/h3><p class=\"elementor-image-box-description\">Todos los servicios incluidos.<br>Nos encargamos de vuestro traslado desde casa al aeropuerto al inicio del viaje, y del aeropuerto a casa al final.<br>Viaja con todo organizado.<br>Todas las gestiones incluidas.<\/p><\/div><\/div>\t\t\t\t<\/div>\n\t\t\t\t<\/div>\n\t\t\t\t<div class=\"elementor-element elementor-element-bddc433 elementor-position-top elementor-widget elementor-widget-image-box\" data-id=\"bddc433\" data-element_type=\"widget\" data-e-type=\"widget\" data-widget_type=\"image-box.default\">\n\t\t\t\t<div class=\"elementor-widget-container\">\n\t\t\t\t\t<div class=\"elementor-image-box-wrapper\"><figure class=\"elementor-image-box-img\"><img loading=\"lazy\" decoding=\"async\" width=\"512\" height=\"512\" src=\"https:\/\/www.clubdelviatger.cat\/wp-content\/uploads\/2024\/10\/community-engagement.svg\" class=\"attachment-full size-full wp-image-12639\" alt=\"\" \/><\/figure><div class=\"elementor-image-box-content\"><h3 class=\"elementor-image-box-title\">Hacemos Club<\/h3><p class=\"elementor-image-box-description\">Queremos que te sientas como en casa cuando viajes con nosotros.<br>En el Club del Viatger har\u00e1s nuevas amistades.<\/p><\/div><\/div>\t\t\t\t<\/div>\n\t\t\t\t<\/div>\n\t\t\t\t<div class=\"elementor-element elementor-element-d931186 elementor-position-top elementor-widget elementor-widget-image-box\" data-id=\"d931186\" data-element_type=\"widget\" data-e-type=\"widget\" data-widget_type=\"image-box.default\">\n\t\t\t\t<div class=\"elementor-widget-container\">\n\t\t\t\t\t<div class=\"elementor-image-box-wrapper\"><figure class=\"elementor-image-box-img\"><img loading=\"lazy\" decoding=\"async\" width=\"512\" height=\"512\" src=\"https:\/\/www.clubdelviatger.cat\/wp-content\/uploads\/2024\/10\/diamond.svg\" class=\"attachment-full size-full wp-image-12640\" alt=\"\" \/><\/figure><div class=\"elementor-image-box-content\"><h3 class=\"elementor-image-box-title\">Exclusividad<\/h3><p class=\"elementor-image-box-description\">Nos encargamos de vuestro traslado desde casa al aeropuerto al inicio del viaje, y del aeropuerto a casa al final.<br>\nEncuentro pre viaje.<br>\n\u00c1lbum de fotos.<br>\nGu\u00eda acompa\u00f1ante del equipo.<br><\/p><\/div><\/div>\t\t\t\t<\/div>\n\t\t\t\t<\/div>\n\t\t\t\t<div class=\"elementor-element elementor-element-9915cff elementor-position-top elementor-widget elementor-widget-image-box\" data-id=\"9915cff\" data-element_type=\"widget\" data-e-type=\"widget\" data-widget_type=\"image-box.default\">\n\t\t\t\t<div class=\"elementor-widget-container\">\n\t\t\t\t\t<div class=\"elementor-image-box-wrapper\"><figure class=\"elementor-image-box-img\"><img loading=\"lazy\" decoding=\"async\" width=\"512\" height=\"512\" src=\"https:\/\/www.clubdelviatger.cat\/wp-content\/uploads\/2024\/10\/expert.svg\" class=\"attachment-full size-full wp-image-12641\" alt=\"\" \/><\/figure><div class=\"elementor-image-box-content\"><h3 class=\"elementor-image-box-title\">Equipo experto<\/h3><p class=\"elementor-image-box-description\">Equipo con m\u00e1s de 20 a\u00f1os de experiencia en el sector.<\/p><\/div><\/div>\t\t\t\t<\/div>\n\t\t\t\t<\/div>\n\t\t\t\t\t<\/div>\n\t\t\t\t<\/div>\n\t\t\t\t<\/div>\n\t\t","protected":false},"excerpt":{"rendered":"<p>Club&nbsp; del&nbsp;Viatger Creamos viajes con alma, basados en la confianza, la proximidad y el cuidado en cada detalle. En el Club del Viatger, cada viaje es una experiencia \u00fanica que cuidamos hasta el m\u00e1s m\u00ednimo detalle. Nos comprometemos a ofrecerte un servicio exclusivo y cercano, donde no tendr\u00e1s que preocuparte de nada: todos los servicios [&hellip;]<\/p>\n","protected":false},"author":1,"featured_media":18210,"parent":13242,"menu_order":0,"comment_status":"closed","ping_status":"closed","template":"","meta":{"footnotes":""},"class_list":["post-16999","page","type-page","status-publish","has-post-thumbnail","hentry"],"yoast_head":"<!-- This site is optimized with the Yoast SEO plugin v27.5 - https:\/\/yoast.com\/product\/yoast-seo-wordpress\/ -->\n<title>Valores &#8226; Club del Viatger<\/title>\n<meta name=\"description\" content=\"En Club del Viatger queremos que cada viaje sea una oportunidad para compartir, descubrir y vivir experiencias que recordar\u00e1s para siempre.\" \/>\n<meta name=\"robots\" content=\"index, follow, max-snippet:-1, max-image-preview:large, max-video-preview:-1\" \/>\n<link rel=\"canonical\" href=\"https:\/\/www.clubdelviatger.cat\/es\/equipo\/valores\/\" \/>\n<meta property=\"og:locale\" content=\"es_ES\" \/>\n<meta property=\"og:type\" content=\"article\" \/>\n<meta property=\"og:title\" content=\"Valores &#8226; Club del Viatger\" \/>\n<meta property=\"og:description\" content=\"En Club del Viatger queremos que cada viaje sea una oportunidad para compartir, descubrir y vivir experiencias que recordar\u00e1s para siempre.\" \/>\n<meta property=\"og:url\" content=\"https:\/\/www.clubdelviatger.cat\/es\/equipo\/valores\/\" \/>\n<meta property=\"og:site_name\" content=\"Club del Viatger\" \/>\n<meta property=\"article:publisher\" content=\"https:\/\/www.facebook.com\/clubdelviatger.cat\/\" \/>\n<meta property=\"article:modified_time\" content=\"2026-02-13T10:59:33+00:00\" \/>\n<meta property=\"og:image\" content=\"https:\/\/www.clubdelviatger.cat\/wp-content\/uploads\/2025\/02\/Capcalera-viatges-per-interes-min.png\" \/>\n\t<meta property=\"og:image:width\" content=\"1800\" \/>\n\t<meta property=\"og:image:height\" content=\"600\" \/>\n\t<meta property=\"og:image:type\" content=\"image\/png\" \/>\n<meta name=\"twitter:card\" content=\"summary_large_image\" \/>\n<meta name=\"twitter:label1\" content=\"Tiempo de lectura\" \/>\n\t<meta name=\"twitter:data1\" content=\"4 minutos\" \/>\n<script type=\"application\/ld+json\" class=\"yoast-schema-graph\">{\"@context\":\"https:\\\/\\\/schema.org\",\"@graph\":[{\"@type\":\"WebPage\",\"@id\":\"https:\\\/\\\/www.clubdelviatger.cat\\\/es\\\/equipo\\\/valores\\\/\",\"url\":\"https:\\\/\\\/www.clubdelviatger.cat\\\/es\\\/equipo\\\/valores\\\/\",\"name\":\"Valores &#8226; Club del Viatger\",\"isPartOf\":{\"@id\":\"https:\\\/\\\/www.clubdelviatger.cat\\\/es\\\/#website\"},\"primaryImageOfPage\":{\"@id\":\"https:\\\/\\\/www.clubdelviatger.cat\\\/es\\\/equipo\\\/valores\\\/#primaryimage\"},\"image\":{\"@id\":\"https:\\\/\\\/www.clubdelviatger.cat\\\/es\\\/equipo\\\/valores\\\/#primaryimage\"},\"thumbnailUrl\":\"https:\\\/\\\/www.clubdelviatger.cat\\\/wp-content\\\/uploads\\\/2025\\\/02\\\/Capcalera-viatges-per-interes-min.png\",\"datePublished\":\"2025-01-09T10:49:14+00:00\",\"dateModified\":\"2026-02-13T10:59:33+00:00\",\"description\":\"En Club del Viatger queremos que cada viaje sea una oportunidad para compartir, descubrir y vivir experiencias que recordar\u00e1s para siempre.\",\"breadcrumb\":{\"@id\":\"https:\\\/\\\/www.clubdelviatger.cat\\\/es\\\/equipo\\\/valores\\\/#breadcrumb\"},\"inLanguage\":\"es\",\"potentialAction\":[{\"@type\":\"ReadAction\",\"target\":[\"https:\\\/\\\/www.clubdelviatger.cat\\\/es\\\/equipo\\\/valores\\\/\"]}]},{\"@type\":\"ImageObject\",\"inLanguage\":\"es\",\"@id\":\"https:\\\/\\\/www.clubdelviatger.cat\\\/es\\\/equipo\\\/valores\\\/#primaryimage\",\"url\":\"https:\\\/\\\/www.clubdelviatger.cat\\\/wp-content\\\/uploads\\\/2025\\\/02\\\/Capcalera-viatges-per-interes-min.png\",\"contentUrl\":\"https:\\\/\\\/www.clubdelviatger.cat\\\/wp-content\\\/uploads\\\/2025\\\/02\\\/Capcalera-viatges-per-interes-min.png\",\"width\":1800,\"height\":600,\"caption\":\"Valors\"},{\"@type\":\"BreadcrumbList\",\"@id\":\"https:\\\/\\\/www.clubdelviatger.cat\\\/es\\\/equipo\\\/valores\\\/#breadcrumb\",\"itemListElement\":[{\"@type\":\"ListItem\",\"position\":1,\"name\":\"Sobre nosotros\",\"item\":\"https:\\\/\\\/www.clubdelviatger.cat\\\/es\\\/equipo\\\/\"},{\"@type\":\"ListItem\",\"position\":2,\"name\":\"Valores\"}]},{\"@type\":\"WebSite\",\"@id\":\"https:\\\/\\\/www.clubdelviatger.cat\\\/es\\\/#website\",\"url\":\"https:\\\/\\\/www.clubdelviatger.cat\\\/es\\\/\",\"name\":\"Club del Viatger\",\"description\":\"L&#039;\u00e8xit de qualsevol viatge, \u00e9s una bona companyia\",\"publisher\":{\"@id\":\"https:\\\/\\\/www.clubdelviatger.cat\\\/es\\\/#organization\"},\"alternateName\":\"Club del Viatger\",\"potentialAction\":[{\"@type\":\"SearchAction\",\"target\":{\"@type\":\"EntryPoint\",\"urlTemplate\":\"https:\\\/\\\/www.clubdelviatger.cat\\\/es\\\/?s={search_term_string}\"},\"query-input\":{\"@type\":\"PropertyValueSpecification\",\"valueRequired\":true,\"valueName\":\"search_term_string\"}}],\"inLanguage\":\"es\"},{\"@type\":\"Organization\",\"@id\":\"https:\\\/\\\/www.clubdelviatger.cat\\\/es\\\/#organization\",\"name\":\"Club del Viatger\",\"url\":\"https:\\\/\\\/www.clubdelviatger.cat\\\/es\\\/\",\"logo\":{\"@type\":\"ImageObject\",\"inLanguage\":\"es\",\"@id\":\"https:\\\/\\\/www.clubdelviatger.cat\\\/es\\\/#\\\/schema\\\/logo\\\/image\\\/\",\"url\":\"https:\\\/\\\/www.clubdelviatger.cat\\\/wp-content\\\/uploads\\\/2024\\\/08\\\/ClubViatger-logo_512x512.png\",\"contentUrl\":\"https:\\\/\\\/www.clubdelviatger.cat\\\/wp-content\\\/uploads\\\/2024\\\/08\\\/ClubViatger-logo_512x512.png\",\"width\":512,\"height\":512,\"caption\":\"Club del Viatger\"},\"image\":{\"@id\":\"https:\\\/\\\/www.clubdelviatger.cat\\\/es\\\/#\\\/schema\\\/logo\\\/image\\\/\"},\"sameAs\":[\"https:\\\/\\\/www.facebook.com\\\/clubdelviatger.cat\\\/\",\"https:\\\/\\\/www.instagram.com\\\/clubdelviatger\\\/\",\"https:\\\/\\\/www.pinterest.es\\\/clubdelviatger\\\/\",\"https:\\\/\\\/www.youtube.com\\\/channel\\\/UCMgt7TAxt_Ci4Y19BPJy28A\\\/feed\"]}]}<\/script>\n<!-- \/ Yoast SEO plugin. -->","yoast_head_json":{"title":"Valores &#8226; Club del Viatger","description":"En Club del Viatger queremos que cada viaje sea una oportunidad para compartir, descubrir y vivir experiencias que recordar\u00e1s para siempre.","robots":{"index":"index","follow":"follow","max-snippet":"max-snippet:-1","max-image-preview":"max-image-preview:large","max-video-preview":"max-video-preview:-1"},"canonical":"https:\/\/www.clubdelviatger.cat\/es\/equipo\/valores\/","og_locale":"es_ES","og_type":"article","og_title":"Valores &#8226; Club del Viatger","og_description":"En Club del Viatger queremos que cada viaje sea una oportunidad para compartir, descubrir y vivir experiencias que recordar\u00e1s para siempre.","og_url":"https:\/\/www.clubdelviatger.cat\/es\/equipo\/valores\/","og_site_name":"Club del Viatger","article_publisher":"https:\/\/www.facebook.com\/clubdelviatger.cat\/","article_modified_time":"2026-02-13T10:59:33+00:00","og_image":[{"width":1800,"height":600,"url":"https:\/\/www.clubdelviatger.cat\/wp-content\/uploads\/2025\/02\/Capcalera-viatges-per-interes-min.png","type":"image\/png"}],"twitter_card":"summary_large_image","twitter_misc":{"Tiempo de lectura":"4 minutos"},"schema":{"@context":"https:\/\/schema.org","@graph":[{"@type":"WebPage","@id":"https:\/\/www.clubdelviatger.cat\/es\/equipo\/valores\/","url":"https:\/\/www.clubdelviatger.cat\/es\/equipo\/valores\/","name":"Valores &#8226; Club del Viatger","isPartOf":{"@id":"https:\/\/www.clubdelviatger.cat\/es\/#website"},"primaryImageOfPage":{"@id":"https:\/\/www.clubdelviatger.cat\/es\/equipo\/valores\/#primaryimage"},"image":{"@id":"https:\/\/www.clubdelviatger.cat\/es\/equipo\/valores\/#primaryimage"},"thumbnailUrl":"https:\/\/www.clubdelviatger.cat\/wp-content\/uploads\/2025\/02\/Capcalera-viatges-per-interes-min.png","datePublished":"2025-01-09T10:49:14+00:00","dateModified":"2026-02-13T10:59:33+00:00","description":"En Club del Viatger queremos que cada viaje sea una oportunidad para compartir, descubrir y vivir experiencias que recordar\u00e1s para siempre.","breadcrumb":{"@id":"https:\/\/www.clubdelviatger.cat\/es\/equipo\/valores\/#breadcrumb"},"inLanguage":"es","potentialAction":[{"@type":"ReadAction","target":["https:\/\/www.clubdelviatger.cat\/es\/equipo\/valores\/"]}]},{"@type":"ImageObject","inLanguage":"es","@id":"https:\/\/www.clubdelviatger.cat\/es\/equipo\/valores\/#primaryimage","url":"https:\/\/www.clubdelviatger.cat\/wp-content\/uploads\/2025\/02\/Capcalera-viatges-per-interes-min.png","contentUrl":"https:\/\/www.clubdelviatger.cat\/wp-content\/uploads\/2025\/02\/Capcalera-viatges-per-interes-min.png","width":1800,"height":600,"caption":"Valors"},{"@type":"BreadcrumbList","@id":"https:\/\/www.clubdelviatger.cat\/es\/equipo\/valores\/#breadcrumb","itemListElement":[{"@type":"ListItem","position":1,"name":"Sobre nosotros","item":"https:\/\/www.clubdelviatger.cat\/es\/equipo\/"},{"@type":"ListItem","position":2,"name":"Valores"}]},{"@type":"WebSite","@id":"https:\/\/www.clubdelviatger.cat\/es\/#website","url":"https:\/\/www.clubdelviatger.cat\/es\/","name":"Club del Viatger","description":"L&#039;\u00e8xit de qualsevol viatge, \u00e9s una bona companyia","publisher":{"@id":"https:\/\/www.clubdelviatger.cat\/es\/#organization"},"alternateName":"Club del Viatger","potentialAction":[{"@type":"SearchAction","target":{"@type":"EntryPoint","urlTemplate":"https:\/\/www.clubdelviatger.cat\/es\/?s={search_term_string}"},"query-input":{"@type":"PropertyValueSpecification","valueRequired":true,"valueName":"search_term_string"}}],"inLanguage":"es"},{"@type":"Organization","@id":"https:\/\/www.clubdelviatger.cat\/es\/#organization","name":"Club del Viatger","url":"https:\/\/www.clubdelviatger.cat\/es\/","logo":{"@type":"ImageObject","inLanguage":"es","@id":"https:\/\/www.clubdelviatger.cat\/es\/#\/schema\/logo\/image\/","url":"https:\/\/www.clubdelviatger.cat\/wp-content\/uploads\/2024\/08\/ClubViatger-logo_512x512.png","contentUrl":"https:\/\/www.clubdelviatger.cat\/wp-content\/uploads\/2024\/08\/ClubViatger-logo_512x512.png","width":512,"height":512,"caption":"Club del Viatger"},"image":{"@id":"https:\/\/www.clubdelviatger.cat\/es\/#\/schema\/logo\/image\/"},"sameAs":["https:\/\/www.facebook.com\/clubdelviatger.cat\/","https:\/\/www.instagram.com\/clubdelviatger\/","https:\/\/www.pinterest.es\/clubdelviatger\/","https:\/\/www.youtube.com\/channel\/UCMgt7TAxt_Ci4Y19BPJy28A\/feed"]}]}},"_links":{"self":[{"href":"https:\/\/www.clubdelviatger.cat\/es\/wp-json\/wp\/v2\/pages\/16999","targetHints":{"allow":["GET"]}}],"collection":[{"href":"https:\/\/www.clubdelviatger.cat\/es\/wp-json\/wp\/v2\/pages"}],"about":[{"href":"https:\/\/www.clubdelviatger.cat\/es\/wp-json\/wp\/v2\/types\/page"}],"author":[{"embeddable":true,"href":"https:\/\/www.clubdelviatger.cat\/es\/wp-json\/wp\/v2\/users\/1"}],"replies":[{"embeddable":true,"href":"https:\/\/www.clubdelviatger.cat\/es\/wp-json\/wp\/v2\/comments?post=16999"}],"version-history":[{"count":0,"href":"https:\/\/www.clubdelviatger.cat\/es\/wp-json\/wp\/v2\/pages\/16999\/revisions"}],"up":[{"embeddable":true,"href":"https:\/\/www.clubdelviatger.cat\/es\/wp-json\/wp\/v2\/pages\/13242"}],"wp:featuredmedia":[{"embeddable":true,"href":"https:\/\/www.clubdelviatger.cat\/es\/wp-json\/wp\/v2\/media\/18210"}],"wp:attachment":[{"href":"https:\/\/www.clubdelviatger.cat\/es\/wp-json\/wp\/v2\/media?parent=16999"}],"curies":[{"name":"wp","href":"https:\/\/api.w.org\/{rel}","templated":true}]}}