{"id":15828,"date":"2025-01-09T11:40:58","date_gmt":"2025-01-09T10:40:58","guid":{"rendered":"https:\/\/www.clubdelviatger.cat\/sobre-nosotros\/historia\/"},"modified":"2025-03-17T13:01:41","modified_gmt":"2025-03-17T12:01:41","slug":"historia","status":"publish","type":"page","link":"https:\/\/www.clubdelviatger.cat\/es\/equipo\/historia\/","title":{"rendered":"Historia"},"content":{"rendered":"\t\t<div data-elementor-type=\"wp-page\" data-elementor-id=\"15828\" class=\"elementor elementor-15828 elementor-15777\" data-elementor-post-type=\"page\">\n\t\t\t\t<div class=\"elementor-element elementor-element-9d62161 e-flex e-con-boxed e-con e-parent\" data-id=\"9d62161\" data-element_type=\"container\" data-e-type=\"container\" data-settings=\"{&quot;jet_parallax_layout_list&quot;:[]}\">\n\t\t\t\t\t<div class=\"e-con-inner\">\n\t\t\t\t<div class=\"elementor-element elementor-element-02a616f elementor-widget elementor-widget-jet-animated-text\" data-id=\"02a616f\" data-element_type=\"widget\" data-e-type=\"widget\" data-widget_type=\"jet-animated-text.default\">\n\t\t\t\t<div class=\"elementor-widget-container\">\n\t\t\t\t\t<div class=\"elementor-jet-animated-text jet-elements\">\n<h1 class=\"jet-animated-text jet-animated-text--effect-fx1\" data-settings='{&quot;effect&quot;:&quot;fx1&quot;,&quot;delay&quot;:3000}'>\n\t<div class=\"jet-animated-text__before-text\">\n\t<span>Club<\/span>&nbsp;<\/div>\n\t<div class=\"jet-animated-text__animated-text\">\n<div class=\"jet-animated-text__animated-text-item active visible\" dir=\"ltr\">\n\t<span>d<\/span><span>e<\/span><span>l<\/span><span>&nbsp;<\/span><span>V<\/span><span>i<\/span><span>a<\/span><span>t<\/span><span>g<\/span><span>e<\/span><span>r<\/span><\/div>\n<\/div>\t<\/h1><\/div>\t\t\t\t<\/div>\n\t\t\t\t<\/div>\n\t\t\t\t<div class=\"elementor-element elementor-element-14c6311 elementor-widget elementor-widget-heading\" data-id=\"14c6311\" data-element_type=\"widget\" data-e-type=\"widget\" data-widget_type=\"heading.default\">\n\t\t\t\t<div class=\"elementor-widget-container\">\n\t\t\t\t\t<h3 class=\"elementor-heading-title elementor-size-default\">Un modelo de turismo cultural, musical y de calidad que ofrece atractivos viajes por toda Catalu\u00f1a, de Europa y del mundo!<\/h3>\t\t\t\t<\/div>\n\t\t\t\t<\/div>\n\t\t\t\t<div class=\"elementor-element elementor-element-087b543 elementor-widget elementor-widget-text-editor\" data-id=\"087b543\" data-element_type=\"widget\" data-e-type=\"widget\" data-widget_type=\"text-editor.default\">\n\t\t\t\t<div class=\"elementor-widget-container\">\n\t\t\t\t\t\t\t\t\t<p>Viajar a trav\u00e9s de la m\u00fasica, viajar introduci\u00e9ndose a la esencia de los pa\u00edses, viajar haciendo calidez y creando un c\u00edrculo de amistades, descubrir parajes y culturas de todas partes, adentrarse en una Catalu\u00f1a diferente y desconocida&#8230; as\u00ed nace y se consolida el Club del Viatger, una manera de viajar y entender esta experiencia desde una perspectiva renovada. Una compa\u00f1\u00eda que ha hecho de sus clientes apasionados compa\u00f1eros de viaje y de la simpat\u00eda, la m\u00fasica, la curiosidad, la gastronom\u00eda y la cultura los ingredientes que definen sus propuestas.<\/p><p>De la mano de la agencia Blau Mar\u00ed, fundada en 1993 en Calella (Maresme, Barcelona), en 2009 nac\u00eda una nueva aventura, el Club del Viatger, una propuesta dispuesta a revolucionar y cambiar el modelo de viaje en grupo. Conscientes de que viajar es una experiencia \u00fanica, desde un inicio entendieron que una buena compa\u00f1\u00eda es el \u00e9xito de cualquier viaje. Desde entonces, no hemos dejado de ofrecer propuestas arrolladoras en todo el mundo, cuidando en todo detalle cada elemento del viaje, los itinerarios m\u00e1s completos, los servicios m\u00e1s confortables y la manera m\u00e1s original de conocer cada pa\u00eds. Hablamos de una agencia de viajes y, en realidad, esta se configura como un club para apasionados de la cultura, de la m\u00fasica y de los viajes empe\u00f1ados en vivir experiencias inolvidables en todo el mosaico de paisajes y culturas que se convierte en nuestro mundo.<\/p><p>As\u00ed, el Club del Viatger se especializa en los viajes culturales y musicales, acompa\u00f1ado siempre de expertos en cada lugar que visita y con la conciencia y respeto hacia las culturas, poblaciones, patrimonio y parajes que descubre en cada viaje. Propuestas, sin embargo, que lejos de ser academicistas buscan convertirse en una gran experiencia capaz de reunir a personas con gustos e inquietudes similares, creando un ambiente familiar y proclive a la amistad y a la diversi\u00f3n.<\/p>\t\t\t\t\t\t\t\t<\/div>\n\t\t\t\t<\/div>\n\t\t\t\t\t<\/div>\n\t\t\t\t<\/div>\n\t\t\t\t<\/div>\n\t\t","protected":false},"excerpt":{"rendered":"<p>Club&nbsp; del&nbsp;Viatger Un modelo de turismo cultural, musical y de calidad que ofrece atractivos viajes por toda Catalu\u00f1a, de Europa y del mundo! Viajar a trav\u00e9s de la m\u00fasica, viajar introduci\u00e9ndose a la esencia de los pa\u00edses, viajar haciendo calidez y creando un c\u00edrculo de amistades, descubrir parajes y culturas de todas partes, adentrarse en [&hellip;]<\/p>\n","protected":false},"author":1,"featured_media":18214,"parent":13242,"menu_order":0,"comment_status":"closed","ping_status":"closed","template":"","meta":{"footnotes":""},"class_list":["post-15828","page","type-page","status-publish","has-post-thumbnail","hentry"],"yoast_head":"<!-- This site is optimized with the Yoast SEO plugin v27.5 - https:\/\/yoast.com\/product\/yoast-seo-wordpress\/ -->\n<title>Historia &#8226; Club del Viatger<\/title>\n<meta name=\"description\" content=\"En el a\u00f1o 2009 nac\u00eda una nueva historia, el Club del Viatger, una propuesta dispuesta a revolucionar y cambiar el modelo de viaje en grupo.\" \/>\n<meta name=\"robots\" content=\"index, follow, max-snippet:-1, max-image-preview:large, max-video-preview:-1\" \/>\n<link rel=\"canonical\" href=\"https:\/\/www.clubdelviatger.cat\/es\/equipo\/historia\/\" \/>\n<meta property=\"og:locale\" content=\"es_ES\" \/>\n<meta property=\"og:type\" content=\"article\" \/>\n<meta property=\"og:title\" content=\"Historia &#8226; Club del Viatger\" \/>\n<meta property=\"og:description\" content=\"En el a\u00f1o 2009 nac\u00eda una nueva historia, el Club del Viatger, una propuesta dispuesta a revolucionar y cambiar el modelo de viaje en grupo.\" \/>\n<meta property=\"og:url\" content=\"https:\/\/www.clubdelviatger.cat\/es\/equipo\/historia\/\" \/>\n<meta property=\"og:site_name\" content=\"Club del Viatger\" \/>\n<meta property=\"article:publisher\" content=\"https:\/\/www.facebook.com\/clubdelviatger.cat\/\" \/>\n<meta property=\"article:modified_time\" content=\"2025-03-17T12:01:41+00:00\" \/>\n<meta property=\"og:image\" content=\"https:\/\/www.clubdelviatger.cat\/wp-content\/uploads\/2025\/02\/Capcalera-viatges-per-interes-1.png\" \/>\n\t<meta property=\"og:image:width\" content=\"1800\" \/>\n\t<meta property=\"og:image:height\" content=\"600\" \/>\n\t<meta property=\"og:image:type\" content=\"image\/png\" \/>\n<meta name=\"twitter:card\" content=\"summary_large_image\" \/>\n<meta name=\"twitter:label1\" content=\"Tiempo de lectura\" \/>\n\t<meta name=\"twitter:data1\" content=\"2 minutos\" \/>\n<script type=\"application\/ld+json\" class=\"yoast-schema-graph\">{\"@context\":\"https:\\\/\\\/schema.org\",\"@graph\":[{\"@type\":\"WebPage\",\"@id\":\"https:\\\/\\\/www.clubdelviatger.cat\\\/es\\\/equipo\\\/historia\\\/\",\"url\":\"https:\\\/\\\/www.clubdelviatger.cat\\\/es\\\/equipo\\\/historia\\\/\",\"name\":\"Historia &#8226; Club del Viatger\",\"isPartOf\":{\"@id\":\"https:\\\/\\\/www.clubdelviatger.cat\\\/es\\\/#website\"},\"primaryImageOfPage\":{\"@id\":\"https:\\\/\\\/www.clubdelviatger.cat\\\/es\\\/equipo\\\/historia\\\/#primaryimage\"},\"image\":{\"@id\":\"https:\\\/\\\/www.clubdelviatger.cat\\\/es\\\/equipo\\\/historia\\\/#primaryimage\"},\"thumbnailUrl\":\"https:\\\/\\\/www.clubdelviatger.cat\\\/wp-content\\\/uploads\\\/2025\\\/02\\\/Capcalera-viatges-per-interes-1.png\",\"datePublished\":\"2025-01-09T10:40:58+00:00\",\"dateModified\":\"2025-03-17T12:01:41+00:00\",\"description\":\"En el a\u00f1o 2009 nac\u00eda una nueva historia, el Club del Viatger, una propuesta dispuesta a revolucionar y cambiar el modelo de viaje en grupo.\",\"breadcrumb\":{\"@id\":\"https:\\\/\\\/www.clubdelviatger.cat\\\/es\\\/equipo\\\/historia\\\/#breadcrumb\"},\"inLanguage\":\"es\",\"potentialAction\":[{\"@type\":\"ReadAction\",\"target\":[\"https:\\\/\\\/www.clubdelviatger.cat\\\/es\\\/equipo\\\/historia\\\/\"]}]},{\"@type\":\"ImageObject\",\"inLanguage\":\"es\",\"@id\":\"https:\\\/\\\/www.clubdelviatger.cat\\\/es\\\/equipo\\\/historia\\\/#primaryimage\",\"url\":\"https:\\\/\\\/www.clubdelviatger.cat\\\/wp-content\\\/uploads\\\/2025\\\/02\\\/Capcalera-viatges-per-interes-1.png\",\"contentUrl\":\"https:\\\/\\\/www.clubdelviatger.cat\\\/wp-content\\\/uploads\\\/2025\\\/02\\\/Capcalera-viatges-per-interes-1.png\",\"width\":1800,\"height\":600,\"caption\":\"Historia\"},{\"@type\":\"BreadcrumbList\",\"@id\":\"https:\\\/\\\/www.clubdelviatger.cat\\\/es\\\/equipo\\\/historia\\\/#breadcrumb\",\"itemListElement\":[{\"@type\":\"ListItem\",\"position\":1,\"name\":\"Sobre nosotros\",\"item\":\"https:\\\/\\\/www.clubdelviatger.cat\\\/es\\\/equipo\\\/\"},{\"@type\":\"ListItem\",\"position\":2,\"name\":\"Historia\"}]},{\"@type\":\"WebSite\",\"@id\":\"https:\\\/\\\/www.clubdelviatger.cat\\\/es\\\/#website\",\"url\":\"https:\\\/\\\/www.clubdelviatger.cat\\\/es\\\/\",\"name\":\"Club del Viatger\",\"description\":\"L&#039;\u00e8xit de qualsevol viatge, \u00e9s una bona companyia\",\"publisher\":{\"@id\":\"https:\\\/\\\/www.clubdelviatger.cat\\\/es\\\/#organization\"},\"alternateName\":\"Club del Viatger\",\"potentialAction\":[{\"@type\":\"SearchAction\",\"target\":{\"@type\":\"EntryPoint\",\"urlTemplate\":\"https:\\\/\\\/www.clubdelviatger.cat\\\/es\\\/?s={search_term_string}\"},\"query-input\":{\"@type\":\"PropertyValueSpecification\",\"valueRequired\":true,\"valueName\":\"search_term_string\"}}],\"inLanguage\":\"es\"},{\"@type\":\"Organization\",\"@id\":\"https:\\\/\\\/www.clubdelviatger.cat\\\/es\\\/#organization\",\"name\":\"Club del Viatger\",\"url\":\"https:\\\/\\\/www.clubdelviatger.cat\\\/es\\\/\",\"logo\":{\"@type\":\"ImageObject\",\"inLanguage\":\"es\",\"@id\":\"https:\\\/\\\/www.clubdelviatger.cat\\\/es\\\/#\\\/schema\\\/logo\\\/image\\\/\",\"url\":\"https:\\\/\\\/www.clubdelviatger.cat\\\/wp-content\\\/uploads\\\/2024\\\/08\\\/ClubViatger-logo_512x512.png\",\"contentUrl\":\"https:\\\/\\\/www.clubdelviatger.cat\\\/wp-content\\\/uploads\\\/2024\\\/08\\\/ClubViatger-logo_512x512.png\",\"width\":512,\"height\":512,\"caption\":\"Club del Viatger\"},\"image\":{\"@id\":\"https:\\\/\\\/www.clubdelviatger.cat\\\/es\\\/#\\\/schema\\\/logo\\\/image\\\/\"},\"sameAs\":[\"https:\\\/\\\/www.facebook.com\\\/clubdelviatger.cat\\\/\",\"https:\\\/\\\/www.instagram.com\\\/clubdelviatger\\\/\",\"https:\\\/\\\/www.pinterest.es\\\/clubdelviatger\\\/\",\"https:\\\/\\\/www.youtube.com\\\/channel\\\/UCMgt7TAxt_Ci4Y19BPJy28A\\\/feed\"]}]}<\/script>\n<!-- \/ Yoast SEO plugin. -->","yoast_head_json":{"title":"Historia &#8226; Club del Viatger","description":"En el a\u00f1o 2009 nac\u00eda una nueva historia, el Club del Viatger, una propuesta dispuesta a revolucionar y cambiar el modelo de viaje en grupo.","robots":{"index":"index","follow":"follow","max-snippet":"max-snippet:-1","max-image-preview":"max-image-preview:large","max-video-preview":"max-video-preview:-1"},"canonical":"https:\/\/www.clubdelviatger.cat\/es\/equipo\/historia\/","og_locale":"es_ES","og_type":"article","og_title":"Historia &#8226; Club del Viatger","og_description":"En el a\u00f1o 2009 nac\u00eda una nueva historia, el Club del Viatger, una propuesta dispuesta a revolucionar y cambiar el modelo de viaje en grupo.","og_url":"https:\/\/www.clubdelviatger.cat\/es\/equipo\/historia\/","og_site_name":"Club del Viatger","article_publisher":"https:\/\/www.facebook.com\/clubdelviatger.cat\/","article_modified_time":"2025-03-17T12:01:41+00:00","og_image":[{"width":1800,"height":600,"url":"https:\/\/www.clubdelviatger.cat\/wp-content\/uploads\/2025\/02\/Capcalera-viatges-per-interes-1.png","type":"image\/png"}],"twitter_card":"summary_large_image","twitter_misc":{"Tiempo de lectura":"2 minutos"},"schema":{"@context":"https:\/\/schema.org","@graph":[{"@type":"WebPage","@id":"https:\/\/www.clubdelviatger.cat\/es\/equipo\/historia\/","url":"https:\/\/www.clubdelviatger.cat\/es\/equipo\/historia\/","name":"Historia &#8226; Club del Viatger","isPartOf":{"@id":"https:\/\/www.clubdelviatger.cat\/es\/#website"},"primaryImageOfPage":{"@id":"https:\/\/www.clubdelviatger.cat\/es\/equipo\/historia\/#primaryimage"},"image":{"@id":"https:\/\/www.clubdelviatger.cat\/es\/equipo\/historia\/#primaryimage"},"thumbnailUrl":"https:\/\/www.clubdelviatger.cat\/wp-content\/uploads\/2025\/02\/Capcalera-viatges-per-interes-1.png","datePublished":"2025-01-09T10:40:58+00:00","dateModified":"2025-03-17T12:01:41+00:00","description":"En el a\u00f1o 2009 nac\u00eda una nueva historia, el Club del Viatger, una propuesta dispuesta a revolucionar y cambiar el modelo de viaje en grupo.","breadcrumb":{"@id":"https:\/\/www.clubdelviatger.cat\/es\/equipo\/historia\/#breadcrumb"},"inLanguage":"es","potentialAction":[{"@type":"ReadAction","target":["https:\/\/www.clubdelviatger.cat\/es\/equipo\/historia\/"]}]},{"@type":"ImageObject","inLanguage":"es","@id":"https:\/\/www.clubdelviatger.cat\/es\/equipo\/historia\/#primaryimage","url":"https:\/\/www.clubdelviatger.cat\/wp-content\/uploads\/2025\/02\/Capcalera-viatges-per-interes-1.png","contentUrl":"https:\/\/www.clubdelviatger.cat\/wp-content\/uploads\/2025\/02\/Capcalera-viatges-per-interes-1.png","width":1800,"height":600,"caption":"Historia"},{"@type":"BreadcrumbList","@id":"https:\/\/www.clubdelviatger.cat\/es\/equipo\/historia\/#breadcrumb","itemListElement":[{"@type":"ListItem","position":1,"name":"Sobre nosotros","item":"https:\/\/www.clubdelviatger.cat\/es\/equipo\/"},{"@type":"ListItem","position":2,"name":"Historia"}]},{"@type":"WebSite","@id":"https:\/\/www.clubdelviatger.cat\/es\/#website","url":"https:\/\/www.clubdelviatger.cat\/es\/","name":"Club del Viatger","description":"L&#039;\u00e8xit de qualsevol viatge, \u00e9s una bona companyia","publisher":{"@id":"https:\/\/www.clubdelviatger.cat\/es\/#organization"},"alternateName":"Club del Viatger","potentialAction":[{"@type":"SearchAction","target":{"@type":"EntryPoint","urlTemplate":"https:\/\/www.clubdelviatger.cat\/es\/?s={search_term_string}"},"query-input":{"@type":"PropertyValueSpecification","valueRequired":true,"valueName":"search_term_string"}}],"inLanguage":"es"},{"@type":"Organization","@id":"https:\/\/www.clubdelviatger.cat\/es\/#organization","name":"Club del Viatger","url":"https:\/\/www.clubdelviatger.cat\/es\/","logo":{"@type":"ImageObject","inLanguage":"es","@id":"https:\/\/www.clubdelviatger.cat\/es\/#\/schema\/logo\/image\/","url":"https:\/\/www.clubdelviatger.cat\/wp-content\/uploads\/2024\/08\/ClubViatger-logo_512x512.png","contentUrl":"https:\/\/www.clubdelviatger.cat\/wp-content\/uploads\/2024\/08\/ClubViatger-logo_512x512.png","width":512,"height":512,"caption":"Club del Viatger"},"image":{"@id":"https:\/\/www.clubdelviatger.cat\/es\/#\/schema\/logo\/image\/"},"sameAs":["https:\/\/www.facebook.com\/clubdelviatger.cat\/","https:\/\/www.instagram.com\/clubdelviatger\/","https:\/\/www.pinterest.es\/clubdelviatger\/","https:\/\/www.youtube.com\/channel\/UCMgt7TAxt_Ci4Y19BPJy28A\/feed"]}]}},"_links":{"self":[{"href":"https:\/\/www.clubdelviatger.cat\/es\/wp-json\/wp\/v2\/pages\/15828","targetHints":{"allow":["GET"]}}],"collection":[{"href":"https:\/\/www.clubdelviatger.cat\/es\/wp-json\/wp\/v2\/pages"}],"about":[{"href":"https:\/\/www.clubdelviatger.cat\/es\/wp-json\/wp\/v2\/types\/page"}],"author":[{"embeddable":true,"href":"https:\/\/www.clubdelviatger.cat\/es\/wp-json\/wp\/v2\/users\/1"}],"replies":[{"embeddable":true,"href":"https:\/\/www.clubdelviatger.cat\/es\/wp-json\/wp\/v2\/comments?post=15828"}],"version-history":[{"count":0,"href":"https:\/\/www.clubdelviatger.cat\/es\/wp-json\/wp\/v2\/pages\/15828\/revisions"}],"up":[{"embeddable":true,"href":"https:\/\/www.clubdelviatger.cat\/es\/wp-json\/wp\/v2\/pages\/13242"}],"wp:featuredmedia":[{"embeddable":true,"href":"https:\/\/www.clubdelviatger.cat\/es\/wp-json\/wp\/v2\/media\/18214"}],"wp:attachment":[{"href":"https:\/\/www.clubdelviatger.cat\/es\/wp-json\/wp\/v2\/media?parent=15828"}],"curies":[{"name":"wp","href":"https:\/\/api.w.org\/{rel}","templated":true}]}}