{"id":13246,"date":"2024-11-27T16:15:39","date_gmt":"2024-11-27T15:15:39","guid":{"rendered":"https:\/\/www.clubdelviatger.cat\/politica-de-cookies\/"},"modified":"2024-12-21T00:32:44","modified_gmt":"2024-12-20T23:32:44","slug":"politica-de-cookies","status":"publish","type":"page","link":"https:\/\/www.clubdelviatger.cat\/es\/politica-de-cookies\/","title":{"rendered":"Pol\u00edtica de Cookies"},"content":{"rendered":"\t\t<div data-elementor-type=\"wp-page\" data-elementor-id=\"13246\" class=\"elementor elementor-13246 elementor-7822\" data-elementor-post-type=\"page\">\n\t\t\t\t<div class=\"elementor-element elementor-element-e5dbda3 e-flex e-con-boxed e-con e-parent\" data-id=\"e5dbda3\" data-element_type=\"container\" data-e-type=\"container\" data-settings=\"{&quot;jet_parallax_layout_list&quot;:[]}\">\n\t\t\t\t\t<div class=\"e-con-inner\">\n\t\t\t\t<div class=\"elementor-element elementor-element-6990d49 elementor-widget elementor-widget-jet-headline\" data-id=\"6990d49\" data-element_type=\"widget\" data-e-type=\"widget\" data-widget_type=\"jet-headline.default\">\n\t\t\t\t<div class=\"elementor-widget-container\">\n\t\t\t\t\t<h2 class=\"jet-headline jet-headline--direction-horizontal\"><span class=\"jet-headline__part jet-headline__first\"><span class=\"jet-headline__label\">Club del<\/span><\/span><span class=\"jet-headline__space\">&nbsp;<\/span><span class=\"jet-headline__part jet-headline__second\"><span class=\"jet-headline__label\">Viajero<\/span><\/span><\/h2>\t\t\t\t<\/div>\n\t\t\t\t<\/div>\n\t\t\t\t<div class=\"elementor-element elementor-element-a1fa1aa elementor-widget elementor-widget-text-editor\" data-id=\"a1fa1aa\" data-element_type=\"widget\" data-e-type=\"widget\" data-widget_type=\"text-editor.default\">\n\t\t\t\t<div class=\"elementor-widget-container\">\n\t\t\t\t\t\t\t\t\t<ol>\n \t<li><strong><u>\u00bfQU\u00c9 SON LAS COOKIES?<\/u><\/strong>\n\nLas cookies son peque\u00f1os archivos de datos que se reciben en el terminal desde el sitio web visitado y se usan para registrar unas ciertas interacciones de la navegaci\u00f3n en un sitio web almacenando datos que podr\u00e1n ser actualizados y recuperados. Estos archivos se almacenan en el ordenador del usuario y contiene datos an\u00f3nimos que no son perjudiciales para su equipo. Se utilizan para recordar las preferencias del usuario, como el idioma seleccionado, datos de acceso o personalizaci\u00f3n de la p\u00e1gina. Las cookies tambi\u00e9n pueden ser utilizadas para registrar informaci\u00f3n an\u00f3nima sobre c\u00f3mo un visitante utiliza un lugar. Por ejemplo, desde qu\u00e9 p\u00e1gina web ha accedido, o si ha utilizado un \u00abbanner\u00bb publicitario para llegar.  \n\n \n<ol>\n \t<li><strong><u>\u00bfPOR QU\u00c9 UTILIZAMOS COOKIES?<\/u><\/strong><\/li>\n<\/ol>\n<strong>VIATGEM JUNTS, SL<\/strong>, cookies estrictamente necesarias y esenciales para que utilice nuestros sitios web y le permitan moverse libremente, utilizar \u00e1reas seguras, opciones personalizadas, etc. Adem\u00e1s, <strong>VIATGEM JUNTS, SL,<\/strong> utiliza cookies que recogen datos relativos al an\u00e1lisis de uso de la web. Estas se utilizan para ayudar a mejorar el servicio al cliente, midiendo el uso y el rendimiento de la p\u00e1gina, para optimizarla y personalizarla. Nuestros sitios tambi\u00e9n pueden tener enlaces de redes sociales (como Facebook o Twitter). <strong>VIATGEM JUNTS, SL<\/strong>, no controla las cookies utilizadas por estas webs externas. Para m\u00e1s informaci\u00f3n sobre las cookies de las redes sociales u otras Webs ajenas, aconsejamos revisar sus propias pol\u00edticas de cookies. Este sitio web utiliza \u00abcookies\u00bb de la siguiente manera:  \n\n \n\n\n<ul>\n \t<li><strong>Cookie de Google<\/strong> ANALYTICS: Google ANALYTICS es un servicio gratuito que ofrece Google Inc. y que recoge informaci\u00f3n sobre las p\u00e1ginas de la web consultada, a qu\u00e9 hora, qu\u00e9 navegador Web, etc. Posteriormente, esta informaci\u00f3n se env\u00eda a los servidores de Google Inc<strong>.<\/strong> <\/li>\n \t<li><strong>Cookies de aplicaci\u00f3n<\/strong>, \u00abAdd-*this\u00bb: Add-*this es un servicio gratuito que le permite compartir p\u00e1ginas de este sitio web por diferentes medios (correo electr\u00f3nico, redes sociales, etc.). Add-*his recoge informaci\u00f3n estad\u00edstica de su navegaci\u00f3n para proporcionar publicidad adaptada a sus h\u00e1bitos de navegaci\u00f3n en este sitio web o en cualquier otro sitio. <\/li>\n<\/ul>\n<ol>\n \t<li><strong><u>\u00bfQUE USO LE DAMOS A LOS DIFERENTES TIPOS DE COOKIES?<\/u><\/strong><\/li>\n<\/ol>\n<strong>Seg\u00fan su finalidad:<\/strong>\n<ul>\n \t<li><strong>Cookies t\u00e9cnicas:<\/strong> Las cookies t\u00e9cnicas son aquellas imprescindibles y estrictamente necesarias para el correcto funcionamiento de un portal web y la utilizaci\u00f3n de las diferentes opciones y servicios que ofrece. Por ejemplo, las que sirven para el mantenimiento de la sesi\u00f3n, la gesti\u00f3n del tiempo de respuesta, rendimiento o validaci\u00f3n de opciones, utilizar elementos de seguridad, compartir contenido con redes sociales, etc. <\/li>\n \t<li><strong>Cookies de personalizaci\u00f3n:<\/strong> Estas cookies permiten al usuario especificar o personalizar algunas caracter\u00edsticas de las opciones generales de la p\u00e1gina web, por ejemplo, definir el idioma, configuraci\u00f3n regional o tipo de navegador.<\/li>\n \t<li><strong>Cookies anal\u00edticas:<\/strong> Las cookies anal\u00edticas son las utilizadas por nuestro portal web, para elaborar perfiles navegaci\u00f3n y poder conocer las preferencias de los usuarios del mismo con la finalidad de mejorar la oferta de productos y servicios. Por ejemplo, mediante una cookie anal\u00edtica se controlar\u00edan las \u00e1reas geogr\u00e1ficas de mayor inter\u00e9s de un usuario, cu\u00e1l es el producto de mayor aceptaci\u00f3n, etc. <\/li>\n<\/ul>\n<strong>Cookies publicitarias\/de publicidad:<\/strong> Las cookies publicitarias permiten la gesti\u00f3n de los espacios publicitarios sobre la base de criterios concretos. Por ejemplo, la frecuencia de acceso, el contenido editado, etc. Las cookies de publicidad permiten a trav\u00e9s de la gesti\u00f3n de la publicidad almacenar informaci\u00f3n del comportamiento a trav\u00e9s de la observaci\u00f3n de h\u00e1bitos, estudiando los accesos y formando un perfil de preferencias del usuario, para ofrecer publicidad relacionada con los intereses de su perfil.  \n\n<strong>Seg\u00fan plazo:<\/strong>\n<ul>\n \t<li><strong>Cookies de sesi\u00f3n: <\/strong>Las cookies de sesi\u00f3n son aquellas que duran el tiempo que el usuario est\u00e1 navegando por la p\u00e1gina web y se borran al t\u00e9rmino.<\/li>\n \t<li><strong>Cookies persistentes:<\/strong> Estas cookies quedan almacenadas en el terminal del usuario, por un tiempo m\u00e1s largo, facilitando as\u00ed el control de las preferencias escogidas sin tener que repetir ciertos par\u00e1metros cada vez que se visite el sitio web.<\/li>\n<\/ul>\nEstas cookies, deben cumplir con el RGPD-UE-2016\/679, la, LOPD-3\/2018, de Garant\u00eda de los Derechos Digitales y la normativa de la LSSI-CE-34\/2002.\n\n<strong><u>COOKIES PROPIAS EN USO:<\/u><\/strong>\n\n<strong>Se han permitido las siguientes cookies entre otras al visitar esta p\u00e1gina web<\/strong>:\n<table>\n<tbody>\n<tr>\n<td width=\"125\"><strong> <\/strong>&nbsp;\n\n<strong>DOMINIO<\/strong><\/td>\n<td width=\"195\">&nbsp;\n\n<strong>COOKIE<\/strong><\/td>\n<td width=\"76\">&nbsp;\n\n<strong>EMPRESA<\/strong><\/td>\n<td width=\"98\">&nbsp;\n\n<strong>FUNCI\u00d3N<\/strong><\/td>\n<td width=\"87\">&nbsp;\n\n<strong>CADUCIDAD<\/strong><\/td>\n<\/tr>\n<tr>\n<td rowspan=\"3\" width=\"125\"><strong><\/strong>\n clubdelviatger.cat<\/td><td width=\"195\">&nbsp;\n\n&nbsp;_ga<\/td>\n<td width=\"76\">Google<\/td>\n<td width=\"98\">Analytics<\/td>\n<td width=\"87\">2, a\u00f1os<\/td>\n<\/tr>\n<tr>\n<td width=\"195\">\n_gat<\/td><td width=\"76\">Google<\/td>\n<td width=\"98\">Analytics<\/td>\n<td width=\"87\">2, a\u00f1os<\/td>\n<\/tr>\n<tr>\n<td width=\"195\">\n_gid<\/td><td width=\"76\">Google<\/td>\n<td width=\"98\">Analytics<\/td>\n<td width=\"87\">Sesi\u00f3n<\/td>\n<\/tr>\n<tr>\n <td width=\"125\"><strong> <\/strong><\/td>\n<td width=\"195\">fbp<\/td>\n<td width=\"76\">Facebook<\/td>\n<td width=\"98\">Publicitaria<\/td>\n<td width=\"87\">3, Mesas.<\/td>\n<\/tr>\n<tr>\n <td width=\"125\"><strong> <\/strong><\/td>\n<td width=\"195\">CookieLawInfoConsent<\/td>\n<td width=\"76\">Consent<\/td>\n<td width=\"98\">Almacena datos usuarios.<\/td>\n<td width=\"87\">11, mesas<\/td>\n<\/tr>\n<tr>\n <td width=\"125\"><strong> <\/strong><\/td>\n\n<td width=\"195\">slimstat_tracking_code<\/td><td width=\"76\">Propia<\/td>\n<td width=\"98\">Funcionalidad<\/td>\n<td width=\"87\">30, minutos<\/td>\n<\/tr>\n<tr>\n <td width=\"125\"><strong> <\/strong><\/td>\n\n<td width=\"195\">viewed_cookie_policy<\/td><td width=\"76\">Propia<\/td>\n<td width=\"98\">Propia necesaria.<\/td>\n<td width=\"87\">1, a\u00f1o<\/td>\n<\/tr>\n<\/tbody>\n<\/table>\n&nbsp;\n\n<strong><u>COOKIES EXTERNAS EN USO:<\/u><\/strong>\n\n<strong>Algunas de las cookies en uso:<\/strong>\n<table>\n<tbody>\n<tr>\n<td width=\"111\"><strong> <\/strong>&nbsp;\n\n<strong>DOMINIO<\/strong><\/td>\n<td width=\"123\">&nbsp;\n\n<strong>COOKIE<\/strong><\/td>\n<td width=\"109\">&nbsp;\n\n<strong>EMPRESA<\/strong><\/td>\n<td width=\"123\">&nbsp;\n\n<strong>FUNCI\u00d3N<\/strong><\/td>\n<td width=\"113\">&nbsp;\n\n<strong>CADUCIDAD<\/strong><\/td>\n<\/tr>\n<tr>\n<td width=\"111\">\n Google.com<\/td><td width=\"123\">\n 1P_JAR<\/td><td width=\"109\">Google<\/td>\n<td width=\"123\">Analytics<\/td>\n<td width=\"113\">1, mes<\/td>\n<\/tr>\n<tr>\n<td width=\"111\"><\/td>\n<td width=\"123\">ANID<\/td>\n<td width=\"109\">Google<\/td>\n<td width=\"123\">Publicitaria<\/td>\n<td width=\"113\">Persistente<\/td>\n<\/tr>\n<tr>\n<td width=\"111\"><\/td>\n<td width=\"123\">NID<\/td>\n<td width=\"109\">Google<\/td>\n<td width=\"123\">Almacenamiento preferencia usuarios<\/td>\n<td width=\"113\">6, mesas<\/td>\n<\/tr>\n<tr>\n<td width=\"111\"><\/td>\n<td width=\"123\">Secure 3PAPISID<\/td>\n<td width=\"109\">Google<\/td>\n<td width=\"123\">Publicitaria<\/td>\n<td width=\"113\">Persistente<\/td>\n<\/tr>\n<tr>\n<td width=\"111\"><\/td>\n<td width=\"123\">Secure 3PSID<\/td>\n<td width=\"109\">Google<\/td>\n<td width=\"123\">Analytics<\/td>\n<td width=\"113\">Persistente<\/td>\n<\/tr>\n<tr>\n<td width=\"111\"><\/td>\n<td width=\"123\">Secure 3PSIDCC<\/td>\n<td width=\"109\">Google<\/td>\n<td width=\"123\">Publicitaria<\/td>\n<td width=\"113\">1, a\u00f1o<\/td>\n<\/tr>\n<tr>\n<td width=\"111\">doubleclick<\/td>\n<td width=\"123\">IDE<\/td>\n<td width=\"109\">doubleclick<\/td>\n<td width=\"123\">Publicitaria<\/td>\n<td width=\"113\">Persistente<\/td>\n<\/tr>\n<tr>\n<td width=\"111\"><\/td>\n<td width=\"123\">RUL<\/td>\n<td width=\"109\">doubleclick<\/td>\n<td width=\"123\">Publicitaria<\/td>\n<td width=\"113\">1, a\u00f1o<\/td>\n<\/tr>\n<tr>\n<td width=\"111\">JSP<\/td>\n<td width=\"123\">JSESSIONID<\/td>\n<td width=\"109\">JavaServerPages<\/td>\n<td width=\"123\">Sesi\u00f3n usuario<\/td>\n<td width=\"113\">Sesi\u00f3n<\/td>\n<\/tr>\n<tr>\n<td width=\"111\">Facebook<\/td>\n<td width=\"123\">datr<\/td>\n<td width=\"109\">Facebook<\/td>\n<td width=\"123\">Seguridad<\/td>\n<td width=\"113\">2, a\u00f1os.<\/td>\n<\/tr>\n<tr>\n<td width=\"111\"><\/td>\n<td width=\"123\">fr<\/td>\n<td width=\"109\">Facebook<\/td>\n<td width=\"123\">Publicitaria<\/td>\n<td width=\"113\">5, mesas<\/td>\n<\/tr>\n<tr>\n<td width=\"111\"><\/td>\n<td width=\"123\">sb<\/td>\n<td width=\"109\">Facebook<\/td>\n<td width=\"123\">Complemento social.<\/td>\n<td width=\"113\">2, mesas<\/td>\n<\/tr>\n<\/tbody>\n<\/table>\n&nbsp;\n<ul>\n \t<li><strong><u>\u00bfPOR QU\u00c9 NECESITAMOS SU CONSENTIMIENTO EXPL\u00cdCITO PARA UTILIZARLAS?<\/u><\/strong><\/li>\n<\/ul>\n<strong><u>Sentencia de la Gran Sala del Tribunal de Justicia de la Uni\u00f3n Europea, de 1 de octubre de 2019, y Gu\u00eda sobre el uso de las cookies de la AEPD, julio de 2020.<\/u><\/strong>\n\nLa sentencia de la Gran Sala del Tribunal de Justicia de la Uni\u00f3n Europea, del d\u00eda 1 de octubre de 2019, debe interpretarse en el sentido de que el consentimiento no se presta de manera v\u00e1lida cuando el almacenamiento de informaci\u00f3n, o el acceso a la informaci\u00f3n ya almacenada en el equipo terminal del usuario de un sitio web de internet, a trav\u00e9s de cookies se autoriza mediante una casilla marcada por defecto de la que el usuario debe retirar la marca en caso de que el usuario debe retirar la marca en caso de que el usuario debe retirar la marca en caso de que el usuario debe retirar la marca en caso de que el usuario debe retirar la marca en caso de que el usuario debe retirar la marca en caso de que el usuario debe retirar la marca en caso de que el usuario debe retirar la marca en caso de que el usuario debe retirar la marca en caso de que el usuario debe retirar la marca en caso de que el usuario debe retirar la marca en caso de que el usuario debe retirar la marca en caso de que el usuario debe retirar la marca en caso de que el usuario debe retirar la marca en caso de que el usuario debe retirar la marca en caso de que el usuario debe retirar la marca en caso de que el usuario debe retirar la marca en caso de que el usuario debe retirar la marca en caso de que el usuario debe retirar la marca en caso de que el usuario debe retirar la marca en caso de que el usuario debe retirar la marca en caso de que el usuario debe retirar la marca en caso de que el usuario debe retirar la marca en caso de que el usuario debe retirar la marca en caso de que el usuario desee la marca en caso de que el usuario debe retirar la marca en caso de que el usuario debe retirar la marca en caso de que el usuario debe retirar la marca en caso de que el que quiera rechazar su uso. En este sentido, la autorizaci\u00f3n debe basarse en un consentimiento expl\u00edcito mediante un Check de, <strong><u>aceptaci\u00f3n,<\/u><\/strong> expl\u00edcita, un check de, <strong><u>rechazo<\/u><\/strong>, por parte del usuario y un check de, m\u00e1s informaci\u00f3n, de las cookies expuestas. Esta interpretaci\u00f3n no puede variar en funci\u00f3n de si la informaci\u00f3n almacenada o consultada en el terminal del usuario de un sitio de internet conste o no de datos de car\u00e1cter personal. La Gran Sala del Tribunal de Justicia de la Uni\u00f3n Europea tambi\u00e9n dispone en esta sentencia que la informaci\u00f3n que el proveedor de servicios debe facilitar al usuario de un sitio web de internet debe incluir el tiempo en que los cookies permanecer\u00e1n activas y la posibilidad de que terceros puedan acceder a la informaci\u00f3n que \u00e9stas almacenan. Este requisito lo establece la versi\u00f3n modificada por la Directiva 2009\/136, que modifica el art\u00edculo 5, apartado 3, de la Directiva 2002\/58\/UE, y por la Gu\u00eda de la AEPD de julio de 2020. En relaci\u00f3n a la posibilidad de que el usuario pueda rechazar el uso de las cookies, hay que tener en cuenta que si rechaza o borra las cookies de navegaci\u00f3n por la Web, no podremos mantener sus preferencias, algunas caracter\u00edsticas de las p\u00e1ginas no estar\u00e1n operativas, no podremos ofrecerle servicios personalizados y cada vez que vaya a navegar por nuestra web deberemos solicitarle de nuevo su autorizaci\u00f3n para el uso de cookies. Si as\u00ed y todo, decide modificar la configuraci\u00f3n de su acceso a la p\u00e1gina web, debe saber que es posible eliminar las cookies o impedir que se registre esta informaci\u00f3n en su equipo en cualquier momento mediante la modificaci\u00f3n de los par\u00e1metros de configuraci\u00f3n de su navegador: \n\n   \n<ul>\n \t<li><a href=\"https:\/\/support.microsoft.com\/es-es\/help\/17442\/windows-internet-explorer-delete-manage-cookies\">Configuraci\u00f3n de cookies de Internet Explorer.<\/a><\/li>\n \t<li><a href=\"https:\/\/support.mozilla.org\/es\/kb\/habilitar-y-deshabilitar-cookies-sitios-web-rastrear-preferencias\">Configuraci\u00f3n de cookies de Firefox.<\/a><\/li>\n \t<li><a href=\"https:\/\/support.google.com\/chrome\/answer\/95647?co=GENIE.Platform%3DDesktop&amp;hl=es-419\">Configuraci\u00f3n de cookies de Google Chrome.<\/a><\/li>\n \t<li><a href=\"https:\/\/support.apple.com\/es-es\/guide\/safari\/sfri11471\/mac\">Configuraci\u00f3n de cookies de Safari.<\/a><\/li>\n<\/ul>\nEstos navegadores est\u00e1n sometidos a cambios o modificaciones, por lo que no podemos garantizar que se ajusten completamente a la versi\u00f3n de su navegador. Tambi\u00e9n puede ser que utilice otro navegador no contemplado en estos enlaces como Konqueror, Arora, Flock, etc. Para evitar estos desajustes, puede acceder directamente desde las opciones de su navegador que se encuentra generalmente en el men\u00fa de Opciones, en la secci\u00f3n de \u00abPrivacidad\u00bb. (Si os gusta, consulte la ayuda de su navegador para m\u00e1s informaci\u00f3n.) \n<ol>\n \t<li><strong><u>\u00bfD\u00d3NDE PUEDO OBTENER M\u00c1S INFORMACI\u00d3N?<\/u><\/strong><\/li>\n<\/ol>\nPuedes encontrar m\u00e1s informaci\u00f3n sobre cookies en: www.allaboutcookies.org o www.youronlinechoices.eu.\n\n<\/li>\n<\/ol>\t\t\t\t\t\t\t\t<\/div>\n\t\t\t\t<\/div>\n\t\t\t\t\t<\/div>\n\t\t\t\t<\/div>\n\t\t\t\t<\/div>\n\t\t","protected":false},"excerpt":{"rendered":"<p>Club del&nbsp;Viajero \u00bfQU\u00c9 SON LAS COOKIES? Las cookies son peque\u00f1os archivos de datos que se reciben en el terminal desde el sitio web visitado y se usan para registrar unas ciertas interacciones de la navegaci\u00f3n en un sitio web almacenando datos que podr\u00e1n ser actualizados y recuperados. Estos archivos se almacenan en el ordenador del [&hellip;]<\/p>\n","protected":false},"author":1,"featured_media":0,"parent":0,"menu_order":0,"comment_status":"closed","ping_status":"closed","template":"","meta":{"footnotes":""},"class_list":["post-13246","page","type-page","status-publish","hentry"],"yoast_head":"<!-- This site is optimized with the Yoast SEO plugin v27.5 - https:\/\/yoast.com\/product\/yoast-seo-wordpress\/ -->\n<title>Pol\u00edtica de Cookies &#8226; Club del Viatger<\/title>\n<meta name=\"robots\" content=\"index, follow, max-snippet:-1, max-image-preview:large, max-video-preview:-1\" \/>\n<link rel=\"canonical\" href=\"https:\/\/www.clubdelviatger.cat\/es\/politica-de-cookies\/\" \/>\n<meta property=\"og:locale\" content=\"es_ES\" \/>\n<meta property=\"og:type\" content=\"article\" \/>\n<meta property=\"og:title\" content=\"Pol\u00edtica de Cookies &#8226; Club del Viatger\" \/>\n<meta property=\"og:description\" content=\"Club del&nbsp;Viajero \u00bfQU\u00c9 SON LAS COOKIES? Las cookies son peque\u00f1os archivos de datos que se reciben en el terminal desde el sitio web visitado y se usan para registrar unas ciertas interacciones de la navegaci\u00f3n en un sitio web almacenando datos que podr\u00e1n ser actualizados y recuperados. Estos archivos se almacenan en el ordenador del [&hellip;]\" \/>\n<meta property=\"og:url\" content=\"https:\/\/www.clubdelviatger.cat\/es\/politica-de-cookies\/\" \/>\n<meta property=\"og:site_name\" content=\"Club del Viatger\" \/>\n<meta property=\"article:publisher\" content=\"https:\/\/www.facebook.com\/clubdelviatger.cat\/\" \/>\n<meta property=\"article:modified_time\" content=\"2024-12-20T23:32:44+00:00\" \/>\n<meta property=\"og:image\" content=\"https:\/\/www.clubdelviatger.cat\/wp-content\/uploads\/2024\/10\/Vietnam-agost-1.png\" \/>\n\t<meta property=\"og:image:width\" content=\"800\" \/>\n\t<meta property=\"og:image:height\" content=\"450\" \/>\n\t<meta property=\"og:image:type\" content=\"image\/png\" \/>\n<meta name=\"twitter:card\" content=\"summary_large_image\" \/>\n<script type=\"application\/ld+json\" class=\"yoast-schema-graph\">{\"@context\":\"https:\\\/\\\/schema.org\",\"@graph\":[{\"@type\":\"WebPage\",\"@id\":\"https:\\\/\\\/www.clubdelviatger.cat\\\/es\\\/politica-de-cookies\\\/\",\"url\":\"https:\\\/\\\/www.clubdelviatger.cat\\\/es\\\/politica-de-cookies\\\/\",\"name\":\"Pol\u00edtica de Cookies &#8226; Club del Viatger\",\"isPartOf\":{\"@id\":\"https:\\\/\\\/www.clubdelviatger.cat\\\/es\\\/#website\"},\"datePublished\":\"2024-11-27T15:15:39+00:00\",\"dateModified\":\"2024-12-20T23:32:44+00:00\",\"inLanguage\":\"es\",\"potentialAction\":[{\"@type\":\"ReadAction\",\"target\":[\"https:\\\/\\\/www.clubdelviatger.cat\\\/es\\\/politica-de-cookies\\\/\"]}]},{\"@type\":\"WebSite\",\"@id\":\"https:\\\/\\\/www.clubdelviatger.cat\\\/es\\\/#website\",\"url\":\"https:\\\/\\\/www.clubdelviatger.cat\\\/es\\\/\",\"name\":\"Club del Viatger\",\"description\":\"L&#039;\u00e8xit de qualsevol viatge, \u00e9s una bona companyia\",\"publisher\":{\"@id\":\"https:\\\/\\\/www.clubdelviatger.cat\\\/es\\\/#organization\"},\"alternateName\":\"Club del Viatger\",\"potentialAction\":[{\"@type\":\"SearchAction\",\"target\":{\"@type\":\"EntryPoint\",\"urlTemplate\":\"https:\\\/\\\/www.clubdelviatger.cat\\\/es\\\/?s={search_term_string}\"},\"query-input\":{\"@type\":\"PropertyValueSpecification\",\"valueRequired\":true,\"valueName\":\"search_term_string\"}}],\"inLanguage\":\"es\"},{\"@type\":\"Organization\",\"@id\":\"https:\\\/\\\/www.clubdelviatger.cat\\\/es\\\/#organization\",\"name\":\"Club del Viatger\",\"url\":\"https:\\\/\\\/www.clubdelviatger.cat\\\/es\\\/\",\"logo\":{\"@type\":\"ImageObject\",\"inLanguage\":\"es\",\"@id\":\"https:\\\/\\\/www.clubdelviatger.cat\\\/es\\\/#\\\/schema\\\/logo\\\/image\\\/\",\"url\":\"https:\\\/\\\/www.clubdelviatger.cat\\\/wp-content\\\/uploads\\\/2024\\\/08\\\/ClubViatger-logo_512x512.png\",\"contentUrl\":\"https:\\\/\\\/www.clubdelviatger.cat\\\/wp-content\\\/uploads\\\/2024\\\/08\\\/ClubViatger-logo_512x512.png\",\"width\":512,\"height\":512,\"caption\":\"Club del Viatger\"},\"image\":{\"@id\":\"https:\\\/\\\/www.clubdelviatger.cat\\\/es\\\/#\\\/schema\\\/logo\\\/image\\\/\"},\"sameAs\":[\"https:\\\/\\\/www.facebook.com\\\/clubdelviatger.cat\\\/\",\"https:\\\/\\\/www.instagram.com\\\/clubdelviatger\\\/\",\"https:\\\/\\\/www.pinterest.es\\\/clubdelviatger\\\/\",\"https:\\\/\\\/www.youtube.com\\\/channel\\\/UCMgt7TAxt_Ci4Y19BPJy28A\\\/feed\"]}]}<\/script>\n<!-- \/ Yoast SEO plugin. -->","yoast_head_json":{"title":"Pol\u00edtica de Cookies &#8226; Club del Viatger","robots":{"index":"index","follow":"follow","max-snippet":"max-snippet:-1","max-image-preview":"max-image-preview:large","max-video-preview":"max-video-preview:-1"},"canonical":"https:\/\/www.clubdelviatger.cat\/es\/politica-de-cookies\/","og_locale":"es_ES","og_type":"article","og_title":"Pol\u00edtica de Cookies &#8226; Club del Viatger","og_description":"Club del&nbsp;Viajero \u00bfQU\u00c9 SON LAS COOKIES? Las cookies son peque\u00f1os archivos de datos que se reciben en el terminal desde el sitio web visitado y se usan para registrar unas ciertas interacciones de la navegaci\u00f3n en un sitio web almacenando datos que podr\u00e1n ser actualizados y recuperados. Estos archivos se almacenan en el ordenador del [&hellip;]","og_url":"https:\/\/www.clubdelviatger.cat\/es\/politica-de-cookies\/","og_site_name":"Club del Viatger","article_publisher":"https:\/\/www.facebook.com\/clubdelviatger.cat\/","article_modified_time":"2024-12-20T23:32:44+00:00","og_image":[{"url":"https:\/\/www.clubdelviatger.cat\/wp-content\/uploads\/2024\/10\/Vietnam-agost-1.png","width":800,"height":450,"type":"image\/png"}],"twitter_card":"summary_large_image","schema":{"@context":"https:\/\/schema.org","@graph":[{"@type":"WebPage","@id":"https:\/\/www.clubdelviatger.cat\/es\/politica-de-cookies\/","url":"https:\/\/www.clubdelviatger.cat\/es\/politica-de-cookies\/","name":"Pol\u00edtica de Cookies &#8226; Club del Viatger","isPartOf":{"@id":"https:\/\/www.clubdelviatger.cat\/es\/#website"},"datePublished":"2024-11-27T15:15:39+00:00","dateModified":"2024-12-20T23:32:44+00:00","inLanguage":"es","potentialAction":[{"@type":"ReadAction","target":["https:\/\/www.clubdelviatger.cat\/es\/politica-de-cookies\/"]}]},{"@type":"WebSite","@id":"https:\/\/www.clubdelviatger.cat\/es\/#website","url":"https:\/\/www.clubdelviatger.cat\/es\/","name":"Club del Viatger","description":"L&#039;\u00e8xit de qualsevol viatge, \u00e9s una bona companyia","publisher":{"@id":"https:\/\/www.clubdelviatger.cat\/es\/#organization"},"alternateName":"Club del Viatger","potentialAction":[{"@type":"SearchAction","target":{"@type":"EntryPoint","urlTemplate":"https:\/\/www.clubdelviatger.cat\/es\/?s={search_term_string}"},"query-input":{"@type":"PropertyValueSpecification","valueRequired":true,"valueName":"search_term_string"}}],"inLanguage":"es"},{"@type":"Organization","@id":"https:\/\/www.clubdelviatger.cat\/es\/#organization","name":"Club del Viatger","url":"https:\/\/www.clubdelviatger.cat\/es\/","logo":{"@type":"ImageObject","inLanguage":"es","@id":"https:\/\/www.clubdelviatger.cat\/es\/#\/schema\/logo\/image\/","url":"https:\/\/www.clubdelviatger.cat\/wp-content\/uploads\/2024\/08\/ClubViatger-logo_512x512.png","contentUrl":"https:\/\/www.clubdelviatger.cat\/wp-content\/uploads\/2024\/08\/ClubViatger-logo_512x512.png","width":512,"height":512,"caption":"Club del Viatger"},"image":{"@id":"https:\/\/www.clubdelviatger.cat\/es\/#\/schema\/logo\/image\/"},"sameAs":["https:\/\/www.facebook.com\/clubdelviatger.cat\/","https:\/\/www.instagram.com\/clubdelviatger\/","https:\/\/www.pinterest.es\/clubdelviatger\/","https:\/\/www.youtube.com\/channel\/UCMgt7TAxt_Ci4Y19BPJy28A\/feed"]}]}},"_links":{"self":[{"href":"https:\/\/www.clubdelviatger.cat\/es\/wp-json\/wp\/v2\/pages\/13246","targetHints":{"allow":["GET"]}}],"collection":[{"href":"https:\/\/www.clubdelviatger.cat\/es\/wp-json\/wp\/v2\/pages"}],"about":[{"href":"https:\/\/www.clubdelviatger.cat\/es\/wp-json\/wp\/v2\/types\/page"}],"author":[{"embeddable":true,"href":"https:\/\/www.clubdelviatger.cat\/es\/wp-json\/wp\/v2\/users\/1"}],"replies":[{"embeddable":true,"href":"https:\/\/www.clubdelviatger.cat\/es\/wp-json\/wp\/v2\/comments?post=13246"}],"version-history":[{"count":0,"href":"https:\/\/www.clubdelviatger.cat\/es\/wp-json\/wp\/v2\/pages\/13246\/revisions"}],"wp:attachment":[{"href":"https:\/\/www.clubdelviatger.cat\/es\/wp-json\/wp\/v2\/media?parent=13246"}],"curies":[{"name":"wp","href":"https:\/\/api.w.org\/{rel}","templated":true}]}}